{"id":3370,"date":"2021-04-09T15:45:45","date_gmt":"2021-04-09T13:45:45","guid":{"rendered":"https:\/\/next.chemin-neuf.ch\/?page_id=3370"},"modified":"2023-06-20T10:28:25","modified_gmt":"2023-06-20T08:28:25","slug":"kontakt","status":"publish","type":"page","link":"https:\/\/www.haus-bethanien.ch\/de\/unsere-standorte\/kontakt\/","title":{"rendered":"Kontakt &#038; anreise"},"content":{"rendered":"\n<div class=\"wp-block-columns is-layout-flex wp-container-core-columns-is-layout-9d6595d7 wp-block-columns-is-layout-flex\">\n<div class=\"wp-block-column is-layout-flow wp-block-column-is-layout-flow\">\n<h3 class=\"wp-block-heading has-orange-color has-text-color\"><mark style=\"background-color:rgba(0, 0, 0, 0)\" class=\"has-inline-color has-orange-color\"><i class=\"fas fa-map-marker-alt ccn-fa-icon\" aria-hidden=\"true\"> <\/i><\/mark>Adressen:<\/h3>\n\n\n\n<p class=\"has-gray-color has-text-color\">G\u00e4stehaus Kloster Bethanien,<br>Bethanienstrasse 3,<br>CH-6066 St. Niklausen OW<\/p>\n\n\n\n<h3 class=\"wp-block-heading\"><i class=\"fas fa-phone ccn-fa-icon\"> <\/i> Telefon<\/h3>\n\n\n\n<p>+41 41 666 02 00<\/p>\n\n\n\n<h3 class=\"wp-block-heading\"><i class=\"fas fa-map ccn-fa-icon\" aria-hidden=\"true\"> <\/i> Anreise<\/h3>\n\n\n\n<p><strong>Mit den \u00f6ffentlichen Verkehrsmitteln<\/strong><br>Ab Luzern mit dem Zug bis Sarnen. Ab Sarnen mit dem Postauto Linie 343 (Melchtal-St\u00f6ckalp) bis nach St. Niklausen, Haltestelle \u201eAlpenblick\u201c. Zu Fuss \u00fcber die Zufahrtsstrasse (Zubenstrasse), ca. 15 Min. zu Fuss.<br>Auf Voranmeldung holen wir G\u00e4ste mit Gep\u00e4ck gerne mit dem Bethanien-Bus an der Postautohaltestelle &#8222;Alte Post&#8220; ab (bis 17.00 Uhr). Bitte melden Sie Ihre Ankunftszeit sp\u00e4testens einen Tag im Voraus.<\/p>\n\n\n\n<p><strong>Mit dem Auto<\/strong><br>Auf der A8 bis Sarnen-Nord, weiter Richtung Kerns-Melchtal, in St. Niklausen beim Restaurant Alpenblick links abbiegen, nach ca. 300m links der Ausschilderung zum G\u00e4stehaus Kloster Bethanien folgen.<\/p>\n<\/div>\n\n\n\n<div class=\"wp-block-column is-layout-flow wp-block-column-is-layout-flow\">\n<h3 class=\"wp-block-heading\"><i class=\"fas fa-envelope ccn-fa-icon\"> <\/i> Kontakt<\/h3>\n\n\n\n<p class=\"has-text-align-left\">Schicken Sie Ihre Nachricht, <br>wir werden Ihnen schnellstm\u00f6glich antworten.<\/p>\n\n\n<div class=\"frm_forms  with_frm_style frm_style_chemin-neuf\" id=\"frm_form_2_container\" >\n<form enctype=\"multipart\/form-data\" method=\"post\" class=\"frm-show-form  frm_js_validate  frm_pro_form  frm_slidein \" id=\"form_contact-formaf3a637e7a\" >\n<div class=\"frm_form_fields \">\n<fieldset>\n<legend class=\"frm_screen_reader\">Kontaktieren Sie die Gemeinschaft<\/legend>\r\n\r\n<div class=\"frm_fields_container\">\n<input type=\"hidden\" name=\"frm_action\" value=\"create\" \/>\n<input type=\"hidden\" name=\"form_id\" value=\"2\" \/>\n<input type=\"hidden\" name=\"frm_hide_fields_2\" id=\"frm_hide_fields_2\" value=\"\" \/>\n<input type=\"hidden\" name=\"form_key\" value=\"contact-formaf3a637e7a\" \/>\n<input type=\"hidden\" name=\"item_meta[0]\" value=\"\" \/>\n<input type=\"hidden\" id=\"frm_submit_entry_2\" name=\"frm_submit_entry_2\" value=\"7112cddc4b\" \/><input type=\"hidden\" name=\"_wp_http_referer\" value=\"\/de\/wp-json\/wp\/v2\/pages\/3370\" \/>\t\t<input  type=\"hidden\" name=\"item_meta[173]\" id=\"field_lang__\" value=\"de\t\"  data-frmval=\"de\t\"   \/>\n\t\t<div id=\"frm_field_107_container\" class=\"frm_form_field form-field  frm_required_field frm_top_container frm_half\">\r\n    <label for=\"field_ba2l2\" id=\"field_ba2l2_label\" class=\"frm_primary_label\">Vorname\r\n        <span class=\"frm_required\">*<\/span>\r\n    <\/label>\r\n    <input  type=\"text\" id=\"field_ba2l2\" name=\"item_meta[107]\" value=\"\"  data-reqmsg=\"Dieses Feld kann nicht leer bleiben.\" aria-required=\"true\" data-invmsg=\"Text ist ung\u00fcltig\" aria-invalid=\"false\"   \/>\r\n    \r\n    \r\n<\/div>\n<div id=\"frm_field_6_container\" class=\"frm_form_field form-field  frm_required_field frm_top_container frm_first frm_half\">\r\n    <label for=\"field_qh4icy088d199736\" id=\"field_qh4icy088d199736_label\" class=\"frm_primary_label\">Name\r\n        <span class=\"frm_required\">*<\/span>\r\n    <\/label>\r\n    <input  type=\"text\" id=\"field_qh4icy088d199736\" name=\"item_meta[6]\" value=\"\"  data-reqmsg=\"Dieses Feld kann nicht leer bleiben.\" aria-required=\"true\" data-invmsg=\"Name ist ung\u00fcltig\" aria-invalid=\"false\"   \/>\r\n    \r\n    \r\n<\/div>\n<div id=\"frm_field_480_container\" class=\"frm_form_field form-field  frm_required_field frm_top_container\">\r\n    <label for=\"field_veje4\" id=\"field_veje4_label\" class=\"frm_primary_label\">Telefon\r\n        <span class=\"frm_required\" aria-hidden=\"true\">*<\/span>\r\n    <\/label>\r\n    <style>\n.iti__selected-dial-code {\n    font-size: 0.9rem;\n    top: -1px;\n    position: relative;\n}\n<\/style>\n<input type=\"hidden\"\n        class=\"frm-inter-phone-hidden\"\n                data-preferred-prefixes=\"ch, de, fr, be, it, es, pl, gb, cz, hu\"\n        name=\"item_meta[480]\" \n        value=\"\">\n<input type=\"tel\" class=\"frm-inter-phone\"\n        data-preferred-prefixes=\"ch, de, fr, be, it, es, pl, gb, cz, hu\"\n        data-for=\"item_meta[480]\"\n        id=\"field_veje4\"\n        name=\"_ignore_item_meta[480]\" \n        value=\"\"\n        >\n<!-- the \"_ignore_\" name for the <input type=\"tel\"> element is needed, otherwise the Formidable validation JS breaks -->\n\n\r\n    \r\n    \r\n<\/div>\n<div id=\"frm_field_8_container\" class=\"frm_form_field form-field  frm_required_field frm_top_container frm_full\">\r\n    <label for=\"field_29yf4d38b9ffda13\" id=\"field_29yf4d38b9ffda13_label\" class=\"frm_primary_label\">Email\r\n        <span class=\"frm_required\">*<\/span>\r\n    <\/label>\r\n    <input type=\"email\" id=\"field_29yf4d38b9ffda13\" name=\"item_meta[8]\" value=\"\"  data-reqmsg=\"Dieses Feld kann nicht leer bleiben.\" aria-required=\"true\" data-invmsg=\"Bitte geben Sie eine g\u00fcltige Email Adresse ein\" aria-invalid=\"false\"  \/>\r\n    \r\n    \r\n<\/div>\n<div id=\"frm_field_9_container\" class=\"frm_form_field form-field  frm_required_field frm_top_container frm_full\">\r\n    <label for=\"field_e6lis68f38a2d42a\" id=\"field_e6lis68f38a2d42a_label\" class=\"frm_primary_label\">Thema\r\n        <span class=\"frm_required\">*<\/span>\r\n    <\/label>\r\n    <input  type=\"text\" id=\"field_e6lis68f38a2d42a\" name=\"item_meta[9]\" value=\"\"  data-reqmsg=\"Dieses Feld kann nicht leer bleiben.\" aria-required=\"true\" data-invmsg=\"Thema ist ung\u00fcltig\" aria-invalid=\"false\"   \/>\r\n    \r\n    \r\n<\/div>\n<div id=\"frm_field_10_container\" class=\"frm_form_field form-field  frm_required_field frm_top_container frm_full\">\r\n    <label for=\"field_9jv0r18fa1c4f542\" id=\"field_9jv0r18fa1c4f542_label\" class=\"frm_primary_label\">Meldung\r\n        <span class=\"frm_required\">*<\/span>\r\n    <\/label>\r\n    <textarea name=\"item_meta[10]\" id=\"field_9jv0r18fa1c4f542\" rows=\"5\"  data-reqmsg=\"Dieses Feld kann nicht leer bleiben.\" aria-required=\"true\" data-invmsg=\"Meldung ist ung\u00fcltig\" aria-invalid=\"false\"  ><\/textarea>\r\n    \r\n    \r\n<\/div>\n<div id=\"frm_field_105_container\" class=\"frm_form_field form-field  frm_required_field frm_top_container vertical_radio\">\r\n    <div  id=\"field_nwy6i_label\" class=\"frm_primary_label\">Datenschutzrichtlinie\r\n        <span class=\"frm_required\">*<\/span>\r\n    <\/div>\r\n    <div class=\"frm_opt_container\" aria-labelledby=\"field_nwy6i_label\" role=\"group\">\t\t<div class=\"frm_checkbox\" id=\"frm_checkbox_105-0\">\t\t\t<label  for=\"field_nwy6i-0\">\n\t\t\t<input type=\"checkbox\" name=\"item_meta[105][]\" id=\"field_nwy6i-0\" value=\"J&#039;accepte la &lt;a href=&quot;https:\/\/dam.chemin-neuf.net\/politique-confidentialite-ccn-fr\/&quot; target=&quot;_blank&quot;&gt;politique de confidentialit\u00e9 de la Communaut\u00e9 du Chemin Neuf&lt;\/a&gt;\" data-options-capacity_scope=\"user\" data-reqmsg=\"Dieses Feld kann nicht leer bleiben.\" data-invmsg=\"Datenschutzrichtlinie ist ung\u00fcltig\"   aria-required=\"true\"  \/> Ich akzeptiere die <a href=\"https:\/\/dam.chemin-neuf.net\/politique-confidentialite-ccn-fr\/\" target=\"_blank\">Datenschutzbestimmungen der Gemeinschaft Chemin Neuf<\/a><\/label><\/div>\n<\/div>\r\n    \r\n    \r\n<\/div>\n<div id=\"frm_field_106_container\" class=\"frm_form_field form-field  frm_none_container\">\r\n    <label for=\"g-recaptcha-response\" id=\"field_nsw1n_label\" class=\"frm_primary_label\">Captcha\r\n        <span class=\"frm_required\"><\/span>\r\n    <\/label>\r\n    <div  id=\"field_nsw1n\" class=\"frm-g-recaptcha\" data-sitekey=\"6LdLun0mAAAAAHcRBb8xzhRC4ymkDoH7fnwG_VuL\" data-size=\"invisible\" data-theme=\"light\"><\/div>\r\n    \r\n    \r\n<\/div>\n<div id=\"frm_field_510_container\" class=\"frm_form_field form-field \">\n\t<div class=\"frm_submit\">\r\n\r\n<button class=\"frm_button_submit frm_final_submit\" type=\"submit\"   formnovalidate=\"formnovalidate\">Submit<\/button>\r\n\r\n<\/div>\n<\/div>\n\t<input type=\"hidden\" name=\"item_key\" value=\"\" \/>\n\t\t\t<div id=\"frm_field_511_container\">\n\t\t\t<label for=\"field_efrae\" >\n\t\t\t\tFalls Du menschlich bist, lasse dieses Feld leer.\t\t\t<\/label>\n\t\t\t<input  id=\"field_efrae\" type=\"text\" class=\"frm_form_field form-field frm_verify\" name=\"item_meta[511]\" value=\"\"  \/>\n\t\t<\/div>\n\t\t<input name=\"frm_state\" type=\"hidden\" value=\"APIWa9RdYO3\/r7aTdjvw7p8M9NCjFxI6zwKVFqGyI6PelyOz7iBv4wJKJtgrUDPi\" \/><\/div>\n<\/fieldset>\n<\/div>\n\n<\/form>\n<\/div>\n<\/div>\n<\/div>\n\n\n\n<div><div class=\"ootb-openstreetmap--map\" data-provider=\"openstreetmap\" data-maptype=\"marker\" data-showmarkers=\"true\" data-shapestyle=\"%7B%22fillColor%22%3A%22%23008EFF%22%2C%22color%22%3A%22%23008EFF%22%2C%22weight%22%3A3%7D\" data-shapetext=\"\" data-markers=\"%5B%7B%22lat%22%3A%2246.8795205%22%2C%22lng%22%3A%228.28127%22%2C%22text%22%3A%22%3Cp%3EBethanien%2C%203%2C%20Bethanienstrasse%2C%20Halten%2C%20St.%20Niklausen%20OW%2C%20Kerns%2C%20Obwald%2C%206066%2C%20Suisse%3C%2Fp%3E%22%2C%22id%22%3A1686259702708%7D%5D\" data-bounds=\"[46.8795205,8.28127]\" data-zoom=\"7\" data-minzoom=\"2\" data-maxzoom=\"18\" data-dragging=\"true\" data-touchzoom=\"true\" data-doubleclickzoom=\"true\" data-scrollwheelzoom=\"true\" data-marker=\"%7B%22iconUrl%22%3A%22https%3A%2F%2Fwww.haus-bethanien.ch%2Fwp-content%2Fplugins%2Footb-openstreetmap%2Fassets%2Fvendor%2Fleaflet%2Fimages%2Fmarker-icon.png%22%2C%22iconAnchor%22%3A%5B12%2C41%5D%2C%22popupAnchor%22%3A%5B0%2C-41%5D%7D\" style=\"height:400px\"><\/div><\/div>\n","protected":false},"excerpt":{"rendered":"<p>Adressen: G\u00e4stehaus Kloster Bethanien,Bethanienstrasse 3,CH-6066 St. Niklausen OW Telefon +41 41 666 02 00 Anreise Mit den \u00f6ffentlichen VerkehrsmittelnAb Luzern mit dem Zug bis Sarnen. Ab Sarnen mit dem Postauto Linie 343 (Melchtal-St\u00f6ckalp) bis nach St. Niklausen, Haltestelle \u201eAlpenblick\u201c. Zu Fuss \u00fcber die Zufahrtsstrasse (Zubenstrasse), ca. 15 Min. zu Fuss.Auf Voranmeldung holen wir G\u00e4ste mit [&hellip;]<\/p>\n","protected":false},"author":6,"featured_media":3372,"parent":3293,"menu_order":3,"comment_status":"closed","ping_status":"closed","template":"","meta":{"_acf_changed":false,"footnotes":""},"class_list":["post-3370","page","type-page","status-publish","has-post-thumbnail","hentry"],"acf":[],"yoast_head":"<!-- This site is optimized with the Yoast SEO plugin v27.5 - https:\/\/yoast.com\/product\/yoast-seo-wordpress\/ -->\n<title>Kontakt &amp; anreise - Bethanien<\/title>\n<meta name=\"description\" content=\"Adressen: G\u00e4stehaus Kloster Bethanien,Bethanienstrasse 3,CH-6066 St. Niklausen OW Telefon +41 41 666 02 00 Anreise Mit den \u00f6ffentlichen VerkehrsmittelnAb\" \/>\n<meta name=\"robots\" content=\"index, follow, max-snippet:-1, max-image-preview:large, max-video-preview:-1\" \/>\n<link rel=\"canonical\" href=\"https:\/\/www.haus-bethanien.ch\/de\/unsere-standorte\/kontakt\/\" \/>\n<meta property=\"og:locale\" content=\"de_DE\" \/>\n<meta property=\"og:type\" content=\"article\" \/>\n<meta property=\"og:title\" content=\"Kontakt &amp; anreise - Bethanien\" \/>\n<meta property=\"og:description\" content=\"Adressen: G\u00e4stehaus Kloster Bethanien,Bethanienstrasse 3,CH-6066 St. Niklausen OW Telefon +41 41 666 02 00 Anreise Mit den \u00f6ffentlichen VerkehrsmittelnAb\" \/>\n<meta property=\"og:url\" content=\"https:\/\/www.haus-bethanien.ch\/de\/unsere-standorte\/kontakt\/\" \/>\n<meta property=\"og:site_name\" content=\"Bethanien\" \/>\n<meta property=\"article:modified_time\" content=\"2023-06-20T08:28:25+00:00\" \/>\n<meta property=\"og:image\" content=\"https:\/\/www.haus-bethanien.ch\/wp-content\/uploads\/2021\/01\/ordi-contact.jpeg\" \/>\n\t<meta property=\"og:image:width\" content=\"1920\" \/>\n\t<meta property=\"og:image:height\" content=\"1440\" \/>\n\t<meta property=\"og:image:type\" content=\"image\/jpeg\" \/>\n<meta name=\"twitter:card\" content=\"summary_large_image\" \/>\n<meta name=\"twitter:label1\" content=\"Gesch\u00e4tzte Lesezeit\" \/>\n\t<meta name=\"twitter:data1\" content=\"1\u00a0Minute\" \/>\n<script type=\"application\/ld+json\" class=\"yoast-schema-graph\">{\"@context\":\"https:\\\/\\\/schema.org\",\"@graph\":[{\"@type\":\"WebPage\",\"@id\":\"https:\\\/\\\/www.haus-bethanien.ch\\\/de\\\/unsere-standorte\\\/kontakt\\\/\",\"url\":\"https:\\\/\\\/www.haus-bethanien.ch\\\/de\\\/unsere-standorte\\\/kontakt\\\/\",\"name\":\"Kontakt & anreise - Bethanien\",\"isPartOf\":{\"@id\":\"https:\\\/\\\/www.haus-bethanien.ch\\\/de\\\/#website\"},\"primaryImageOfPage\":{\"@id\":\"https:\\\/\\\/www.haus-bethanien.ch\\\/de\\\/unsere-standorte\\\/kontakt\\\/#primaryimage\"},\"image\":{\"@id\":\"https:\\\/\\\/www.haus-bethanien.ch\\\/de\\\/unsere-standorte\\\/kontakt\\\/#primaryimage\"},\"thumbnailUrl\":\"https:\\\/\\\/www.haus-bethanien.ch\\\/wp-content\\\/uploads\\\/2021\\\/01\\\/ordi-contact.jpeg\",\"datePublished\":\"2021-04-09T13:45:45+00:00\",\"dateModified\":\"2023-06-20T08:28:25+00:00\",\"description\":\"Adressen: G\u00e4stehaus Kloster Bethanien,Bethanienstrasse 3,CH-6066 St. Niklausen OW Telefon +41 41 666 02 00 Anreise Mit den \u00f6ffentlichen VerkehrsmittelnAb\",\"breadcrumb\":{\"@id\":\"https:\\\/\\\/www.haus-bethanien.ch\\\/de\\\/unsere-standorte\\\/kontakt\\\/#breadcrumb\"},\"inLanguage\":\"de\",\"potentialAction\":[{\"@type\":\"ReadAction\",\"target\":[\"https:\\\/\\\/www.haus-bethanien.ch\\\/de\\\/unsere-standorte\\\/kontakt\\\/\"]}]},{\"@type\":\"ImageObject\",\"inLanguage\":\"de\",\"@id\":\"https:\\\/\\\/www.haus-bethanien.ch\\\/de\\\/unsere-standorte\\\/kontakt\\\/#primaryimage\",\"url\":\"https:\\\/\\\/www.haus-bethanien.ch\\\/wp-content\\\/uploads\\\/2021\\\/01\\\/ordi-contact.jpeg\",\"contentUrl\":\"https:\\\/\\\/www.haus-bethanien.ch\\\/wp-content\\\/uploads\\\/2021\\\/01\\\/ordi-contact.jpeg\",\"width\":1920,\"height\":1440},{\"@type\":\"BreadcrumbList\",\"@id\":\"https:\\\/\\\/www.haus-bethanien.ch\\\/de\\\/unsere-standorte\\\/kontakt\\\/#breadcrumb\",\"itemListElement\":[{\"@type\":\"ListItem\",\"position\":1,\"name\":\"Home\",\"item\":\"https:\\\/\\\/www.haus-bethanien.ch\\\/de\\\/\"},{\"@type\":\"ListItem\",\"position\":2,\"name\":\"UNSERE STANDORTE\",\"item\":\"https:\\\/\\\/www.haus-bethanien.ch\\\/de\\\/unsere-standorte\\\/\"},{\"@type\":\"ListItem\",\"position\":3,\"name\":\"Kontakt &#038; anreise\"}]},{\"@type\":\"WebSite\",\"@id\":\"https:\\\/\\\/www.haus-bethanien.ch\\\/de\\\/#website\",\"url\":\"https:\\\/\\\/www.haus-bethanien.ch\\\/de\\\/\",\"name\":\"Bethanien\",\"description\":\"Gastehaus Kloster Bethanien\",\"potentialAction\":[{\"@type\":\"SearchAction\",\"target\":{\"@type\":\"EntryPoint\",\"urlTemplate\":\"https:\\\/\\\/www.haus-bethanien.ch\\\/de\\\/?s={search_term_string}\"},\"query-input\":{\"@type\":\"PropertyValueSpecification\",\"valueRequired\":true,\"valueName\":\"search_term_string\"}}],\"inLanguage\":\"de\"}]}<\/script>\n<!-- \/ Yoast SEO plugin. -->","yoast_head_json":{"title":"Kontakt & anreise - Bethanien","description":"Adressen: G\u00e4stehaus Kloster Bethanien,Bethanienstrasse 3,CH-6066 St. Niklausen OW Telefon +41 41 666 02 00 Anreise Mit den \u00f6ffentlichen VerkehrsmittelnAb","robots":{"index":"index","follow":"follow","max-snippet":"max-snippet:-1","max-image-preview":"max-image-preview:large","max-video-preview":"max-video-preview:-1"},"canonical":"https:\/\/www.haus-bethanien.ch\/de\/unsere-standorte\/kontakt\/","og_locale":"de_DE","og_type":"article","og_title":"Kontakt & anreise - Bethanien","og_description":"Adressen: G\u00e4stehaus Kloster Bethanien,Bethanienstrasse 3,CH-6066 St. Niklausen OW Telefon +41 41 666 02 00 Anreise Mit den \u00f6ffentlichen VerkehrsmittelnAb","og_url":"https:\/\/www.haus-bethanien.ch\/de\/unsere-standorte\/kontakt\/","og_site_name":"Bethanien","article_modified_time":"2023-06-20T08:28:25+00:00","og_image":[{"width":1920,"height":1440,"url":"https:\/\/www.haus-bethanien.ch\/wp-content\/uploads\/2021\/01\/ordi-contact.jpeg","type":"image\/jpeg"}],"twitter_card":"summary_large_image","twitter_misc":{"Gesch\u00e4tzte Lesezeit":"1\u00a0Minute"},"schema":{"@context":"https:\/\/schema.org","@graph":[{"@type":"WebPage","@id":"https:\/\/www.haus-bethanien.ch\/de\/unsere-standorte\/kontakt\/","url":"https:\/\/www.haus-bethanien.ch\/de\/unsere-standorte\/kontakt\/","name":"Kontakt & anreise - Bethanien","isPartOf":{"@id":"https:\/\/www.haus-bethanien.ch\/de\/#website"},"primaryImageOfPage":{"@id":"https:\/\/www.haus-bethanien.ch\/de\/unsere-standorte\/kontakt\/#primaryimage"},"image":{"@id":"https:\/\/www.haus-bethanien.ch\/de\/unsere-standorte\/kontakt\/#primaryimage"},"thumbnailUrl":"https:\/\/www.haus-bethanien.ch\/wp-content\/uploads\/2021\/01\/ordi-contact.jpeg","datePublished":"2021-04-09T13:45:45+00:00","dateModified":"2023-06-20T08:28:25+00:00","description":"Adressen: G\u00e4stehaus Kloster Bethanien,Bethanienstrasse 3,CH-6066 St. Niklausen OW Telefon +41 41 666 02 00 Anreise Mit den \u00f6ffentlichen VerkehrsmittelnAb","breadcrumb":{"@id":"https:\/\/www.haus-bethanien.ch\/de\/unsere-standorte\/kontakt\/#breadcrumb"},"inLanguage":"de","potentialAction":[{"@type":"ReadAction","target":["https:\/\/www.haus-bethanien.ch\/de\/unsere-standorte\/kontakt\/"]}]},{"@type":"ImageObject","inLanguage":"de","@id":"https:\/\/www.haus-bethanien.ch\/de\/unsere-standorte\/kontakt\/#primaryimage","url":"https:\/\/www.haus-bethanien.ch\/wp-content\/uploads\/2021\/01\/ordi-contact.jpeg","contentUrl":"https:\/\/www.haus-bethanien.ch\/wp-content\/uploads\/2021\/01\/ordi-contact.jpeg","width":1920,"height":1440},{"@type":"BreadcrumbList","@id":"https:\/\/www.haus-bethanien.ch\/de\/unsere-standorte\/kontakt\/#breadcrumb","itemListElement":[{"@type":"ListItem","position":1,"name":"Home","item":"https:\/\/www.haus-bethanien.ch\/de\/"},{"@type":"ListItem","position":2,"name":"UNSERE STANDORTE","item":"https:\/\/www.haus-bethanien.ch\/de\/unsere-standorte\/"},{"@type":"ListItem","position":3,"name":"Kontakt &#038; anreise"}]},{"@type":"WebSite","@id":"https:\/\/www.haus-bethanien.ch\/de\/#website","url":"https:\/\/www.haus-bethanien.ch\/de\/","name":"Bethanien","description":"Gastehaus Kloster Bethanien","potentialAction":[{"@type":"SearchAction","target":{"@type":"EntryPoint","urlTemplate":"https:\/\/www.haus-bethanien.ch\/de\/?s={search_term_string}"},"query-input":{"@type":"PropertyValueSpecification","valueRequired":true,"valueName":"search_term_string"}}],"inLanguage":"de"}]}},"_links":{"self":[{"href":"https:\/\/www.haus-bethanien.ch\/de\/wp-json\/wp\/v2\/pages\/3370","targetHints":{"allow":["GET"]}}],"collection":[{"href":"https:\/\/www.haus-bethanien.ch\/de\/wp-json\/wp\/v2\/pages"}],"about":[{"href":"https:\/\/www.haus-bethanien.ch\/de\/wp-json\/wp\/v2\/types\/page"}],"author":[{"embeddable":true,"href":"https:\/\/www.haus-bethanien.ch\/de\/wp-json\/wp\/v2\/users\/6"}],"replies":[{"embeddable":true,"href":"https:\/\/www.haus-bethanien.ch\/de\/wp-json\/wp\/v2\/comments?post=3370"}],"version-history":[{"count":22,"href":"https:\/\/www.haus-bethanien.ch\/de\/wp-json\/wp\/v2\/pages\/3370\/revisions"}],"predecessor-version":[{"id":22273,"href":"https:\/\/www.haus-bethanien.ch\/de\/wp-json\/wp\/v2\/pages\/3370\/revisions\/22273"}],"up":[{"embeddable":true,"href":"https:\/\/www.haus-bethanien.ch\/de\/wp-json\/wp\/v2\/pages\/3293"}],"wp:featuredmedia":[{"embeddable":true,"href":"https:\/\/www.haus-bethanien.ch\/de\/wp-json\/wp\/v2\/media\/3372"}],"wp:attachment":[{"href":"https:\/\/www.haus-bethanien.ch\/de\/wp-json\/wp\/v2\/media?parent=3370"}],"curies":[{"name":"wp","href":"https:\/\/api.w.org\/{rel}","templated":true}]}}