{"id":3322,"date":"2021-04-09T15:28:32","date_gmt":"2021-04-09T13:28:32","guid":{"rendered":"https:\/\/next.chemin-neuf.ch\/?page_id=3322"},"modified":"2021-04-17T18:23:28","modified_gmt":"2021-04-17T16:23:28","slug":"anerkennungen","status":"publish","type":"page","link":"https:\/\/www.haus-bethanien.ch\/de\/anerkennungen\/","title":{"rendered":"Anerkennungen"},"content":{"rendered":"\n<div style=\"height:20px\" aria-hidden=\"true\" class=\"wp-block-spacer\"><\/div>\n\n\n\n<h2 class=\"wp-block-heading\">Kirchliche und staatliche Anerkennungen<\/h2>\n\n\n\n<h3 class=\"wp-block-heading\"><strong>I. Kirche<\/strong><\/h3>\n\n\n\n<p class=\"has-normal-font-size\"><strong>Am 20. April 1984<\/strong> wurde die Gemeinschaft Chemin Neuf von Kardinal Albert Decourtray, damaliger Erzbischof von Lyon, als \u00f6ffentliche Vereinigung von Gl\u00e4ubigen errichtet.<\/p>\n\n\n\n<p class=\"has-normal-font-size\"><strong>Am 24. Juni 1992<\/strong> wurde das Institut Chemin Neuf von Kardinal Albert Decourtray f\u00fcr die Priester und Ordensbr\u00fcder als klerikales Ordensinstitut di\u00f6zesanen Rechts errichtet.<\/p>\n\n\n\n<p class=\"has-normal-font-size\"><strong>Am 14. September 2009<\/strong> wurde das Institut Chemin Neuf von Kardinal Franc Rod\u00e9, Pr\u00e4fekt der Kongregation f\u00fcr die Institute des geweihten Lebens und f\u00fcr die Gemeinschaften des apostolischen Lebens, im Vatikan in Rom als klerikales Ordensinstitut p\u00e4pstlichen Rechts anerkannt. Das Mutterhaus ist die Abtei Hautecombe, 73310 Saint Pierre de Curtille, Frankreich.<\/p>\n\n\n\n<p class=\"has-normal-font-size\">Die Gr\u00fcndung neuer H\u00e4user der \u00f6ffentlichen Vereinigung von Gl\u00e4ubigen oder des Instituts Chemin Neuf in den Di\u00f6zesen geschieht gem\u00e4\u00df dem Kirchenrecht in Absprache mit dem Ortsbischof.<\/p>\n\n\n\n<h3 class=\"wp-block-heading\"><strong>II. Staat<\/strong><\/h3>\n\n\n\n<p class=\"has-normal-font-size\">Die Gemeinschaft Chemin Neuf beantragt in den L\u00e4ndern, in die sie gerufen wird, staatliche Anerkennung. Die Art der Anerkennung ist je nach Gesetzgebung von Land zu Land unterschiedlich.<\/p>\n\n\n\n<p class=\"has-normal-font-size\">Im Gr\u00fcndungsland Frankreich ist die Gemeinschaft eine durch den Erlass des Innenministeriums vom 23. Juli 1993 gesetzlich anerkannte Kongregation mit Hauptsitz in <em>Mont\u00e9e du Chemin Neuf 49, 69005 Lyon<\/em>, <em>Frankreich<\/em>.<\/p>\n\n\n\n<p class=\"has-normal-font-size\">In der Schweiz ist die Gemeinschaft Chemin Neuf in Fribourg als Verein mit reinem Kultuszweck anerkannt und ist steuerbefreit.<\/p>\n\n\n\n<p class=\"has-normal-font-size\">In In Deutschland hat die Gemeinschaft ebenfalls einen Vereinsstatus.<\/p>\n","protected":false},"excerpt":{"rendered":"<p>Kirchliche und staatliche Anerkennungen I. Kirche Am 20. April 1984 wurde die Gemeinschaft Chemin Neuf von Kardinal Albert Decourtray, damaliger Erzbischof von Lyon, als \u00f6ffentliche Vereinigung von Gl\u00e4ubigen errichtet. Am 24. Juni 1992 wurde das Institut Chemin Neuf von Kardinal Albert Decourtray f\u00fcr die Priester und Ordensbr\u00fcder als klerikales Ordensinstitut di\u00f6zesanen Rechts errichtet. Am 14. [&hellip;]<\/p>\n","protected":false},"author":1,"featured_media":3325,"parent":0,"menu_order":4,"comment_status":"closed","ping_status":"closed","template":"","meta":{"_acf_changed":false,"footnotes":""},"class_list":["post-3322","page","type-page","status-publish","has-post-thumbnail","hentry"],"acf":[],"yoast_head":"<!-- This site is optimized with the Yoast SEO plugin v27.5 - https:\/\/yoast.com\/product\/yoast-seo-wordpress\/ -->\n<title>Anerkennungen - Bethanien<\/title>\n<meta name=\"description\" content=\"Kirchliche und staatliche Anerkennungen I. Kirche Am 20. April 1984 wurde die Gemeinschaft Chemin Neuf von Kardinal Albert Decourtray, damaliger\" \/>\n<meta name=\"robots\" content=\"index, follow, max-snippet:-1, max-image-preview:large, max-video-preview:-1\" \/>\n<link rel=\"canonical\" href=\"https:\/\/www.haus-bethanien.ch\/de\/anerkennungen\/\" \/>\n<meta property=\"og:locale\" content=\"de_DE\" \/>\n<meta property=\"og:type\" content=\"article\" \/>\n<meta property=\"og:title\" content=\"Anerkennungen - Bethanien\" \/>\n<meta property=\"og:description\" content=\"Kirchliche und staatliche Anerkennungen I. Kirche Am 20. April 1984 wurde die Gemeinschaft Chemin Neuf von Kardinal Albert Decourtray, damaliger\" \/>\n<meta property=\"og:url\" content=\"https:\/\/www.haus-bethanien.ch\/de\/anerkennungen\/\" \/>\n<meta property=\"og:site_name\" content=\"Bethanien\" \/>\n<meta property=\"article:modified_time\" content=\"2021-04-17T16:23:28+00:00\" \/>\n<meta property=\"og:image\" content=\"https:\/\/www.haus-bethanien.ch\/wp-content\/uploads\/2021\/02\/desert-650292_1920.jpg\" \/>\n\t<meta property=\"og:image:width\" content=\"1920\" \/>\n\t<meta property=\"og:image:height\" content=\"1344\" \/>\n\t<meta property=\"og:image:type\" content=\"image\/jpeg\" \/>\n<meta name=\"twitter:card\" content=\"summary_large_image\" \/>\n<meta name=\"twitter:label1\" content=\"Gesch\u00e4tzte Lesezeit\" \/>\n\t<meta name=\"twitter:data1\" content=\"1\u00a0Minute\" \/>\n<script type=\"application\/ld+json\" class=\"yoast-schema-graph\">{\"@context\":\"https:\\\/\\\/schema.org\",\"@graph\":[{\"@type\":\"WebPage\",\"@id\":\"https:\\\/\\\/www.haus-bethanien.ch\\\/de\\\/anerkennungen\\\/\",\"url\":\"https:\\\/\\\/www.haus-bethanien.ch\\\/de\\\/anerkennungen\\\/\",\"name\":\"Anerkennungen - Bethanien\",\"isPartOf\":{\"@id\":\"https:\\\/\\\/www.haus-bethanien.ch\\\/de\\\/#website\"},\"primaryImageOfPage\":{\"@id\":\"https:\\\/\\\/www.haus-bethanien.ch\\\/de\\\/anerkennungen\\\/#primaryimage\"},\"image\":{\"@id\":\"https:\\\/\\\/www.haus-bethanien.ch\\\/de\\\/anerkennungen\\\/#primaryimage\"},\"thumbnailUrl\":\"https:\\\/\\\/www.haus-bethanien.ch\\\/wp-content\\\/uploads\\\/2021\\\/02\\\/desert-650292_1920.jpg\",\"datePublished\":\"2021-04-09T13:28:32+00:00\",\"dateModified\":\"2021-04-17T16:23:28+00:00\",\"description\":\"Kirchliche und staatliche Anerkennungen I. Kirche Am 20. April 1984 wurde die Gemeinschaft Chemin Neuf von Kardinal Albert Decourtray, damaliger\",\"breadcrumb\":{\"@id\":\"https:\\\/\\\/www.haus-bethanien.ch\\\/de\\\/anerkennungen\\\/#breadcrumb\"},\"inLanguage\":\"de\",\"potentialAction\":[{\"@type\":\"ReadAction\",\"target\":[\"https:\\\/\\\/www.haus-bethanien.ch\\\/de\\\/anerkennungen\\\/\"]}]},{\"@type\":\"ImageObject\",\"inLanguage\":\"de\",\"@id\":\"https:\\\/\\\/www.haus-bethanien.ch\\\/de\\\/anerkennungen\\\/#primaryimage\",\"url\":\"https:\\\/\\\/www.haus-bethanien.ch\\\/wp-content\\\/uploads\\\/2021\\\/02\\\/desert-650292_1920.jpg\",\"contentUrl\":\"https:\\\/\\\/www.haus-bethanien.ch\\\/wp-content\\\/uploads\\\/2021\\\/02\\\/desert-650292_1920.jpg\",\"width\":1920,\"height\":1344},{\"@type\":\"BreadcrumbList\",\"@id\":\"https:\\\/\\\/www.haus-bethanien.ch\\\/de\\\/anerkennungen\\\/#breadcrumb\",\"itemListElement\":[{\"@type\":\"ListItem\",\"position\":1,\"name\":\"Home\",\"item\":\"https:\\\/\\\/www.haus-bethanien.ch\\\/de\\\/\"},{\"@type\":\"ListItem\",\"position\":2,\"name\":\"Anerkennungen\"}]},{\"@type\":\"WebSite\",\"@id\":\"https:\\\/\\\/www.haus-bethanien.ch\\\/de\\\/#website\",\"url\":\"https:\\\/\\\/www.haus-bethanien.ch\\\/de\\\/\",\"name\":\"Bethanien\",\"description\":\"Gastehaus Kloster Bethanien\",\"potentialAction\":[{\"@type\":\"SearchAction\",\"target\":{\"@type\":\"EntryPoint\",\"urlTemplate\":\"https:\\\/\\\/www.haus-bethanien.ch\\\/de\\\/?s={search_term_string}\"},\"query-input\":{\"@type\":\"PropertyValueSpecification\",\"valueRequired\":true,\"valueName\":\"search_term_string\"}}],\"inLanguage\":\"de\"}]}<\/script>\n<!-- \/ Yoast SEO plugin. -->","yoast_head_json":{"title":"Anerkennungen - Bethanien","description":"Kirchliche und staatliche Anerkennungen I. Kirche Am 20. April 1984 wurde die Gemeinschaft Chemin Neuf von Kardinal Albert Decourtray, damaliger","robots":{"index":"index","follow":"follow","max-snippet":"max-snippet:-1","max-image-preview":"max-image-preview:large","max-video-preview":"max-video-preview:-1"},"canonical":"https:\/\/www.haus-bethanien.ch\/de\/anerkennungen\/","og_locale":"de_DE","og_type":"article","og_title":"Anerkennungen - Bethanien","og_description":"Kirchliche und staatliche Anerkennungen I. Kirche Am 20. April 1984 wurde die Gemeinschaft Chemin Neuf von Kardinal Albert Decourtray, damaliger","og_url":"https:\/\/www.haus-bethanien.ch\/de\/anerkennungen\/","og_site_name":"Bethanien","article_modified_time":"2021-04-17T16:23:28+00:00","og_image":[{"width":1920,"height":1344,"url":"https:\/\/www.haus-bethanien.ch\/wp-content\/uploads\/2021\/02\/desert-650292_1920.jpg","type":"image\/jpeg"}],"twitter_card":"summary_large_image","twitter_misc":{"Gesch\u00e4tzte Lesezeit":"1\u00a0Minute"},"schema":{"@context":"https:\/\/schema.org","@graph":[{"@type":"WebPage","@id":"https:\/\/www.haus-bethanien.ch\/de\/anerkennungen\/","url":"https:\/\/www.haus-bethanien.ch\/de\/anerkennungen\/","name":"Anerkennungen - Bethanien","isPartOf":{"@id":"https:\/\/www.haus-bethanien.ch\/de\/#website"},"primaryImageOfPage":{"@id":"https:\/\/www.haus-bethanien.ch\/de\/anerkennungen\/#primaryimage"},"image":{"@id":"https:\/\/www.haus-bethanien.ch\/de\/anerkennungen\/#primaryimage"},"thumbnailUrl":"https:\/\/www.haus-bethanien.ch\/wp-content\/uploads\/2021\/02\/desert-650292_1920.jpg","datePublished":"2021-04-09T13:28:32+00:00","dateModified":"2021-04-17T16:23:28+00:00","description":"Kirchliche und staatliche Anerkennungen I. Kirche Am 20. April 1984 wurde die Gemeinschaft Chemin Neuf von Kardinal Albert Decourtray, damaliger","breadcrumb":{"@id":"https:\/\/www.haus-bethanien.ch\/de\/anerkennungen\/#breadcrumb"},"inLanguage":"de","potentialAction":[{"@type":"ReadAction","target":["https:\/\/www.haus-bethanien.ch\/de\/anerkennungen\/"]}]},{"@type":"ImageObject","inLanguage":"de","@id":"https:\/\/www.haus-bethanien.ch\/de\/anerkennungen\/#primaryimage","url":"https:\/\/www.haus-bethanien.ch\/wp-content\/uploads\/2021\/02\/desert-650292_1920.jpg","contentUrl":"https:\/\/www.haus-bethanien.ch\/wp-content\/uploads\/2021\/02\/desert-650292_1920.jpg","width":1920,"height":1344},{"@type":"BreadcrumbList","@id":"https:\/\/www.haus-bethanien.ch\/de\/anerkennungen\/#breadcrumb","itemListElement":[{"@type":"ListItem","position":1,"name":"Home","item":"https:\/\/www.haus-bethanien.ch\/de\/"},{"@type":"ListItem","position":2,"name":"Anerkennungen"}]},{"@type":"WebSite","@id":"https:\/\/www.haus-bethanien.ch\/de\/#website","url":"https:\/\/www.haus-bethanien.ch\/de\/","name":"Bethanien","description":"Gastehaus Kloster Bethanien","potentialAction":[{"@type":"SearchAction","target":{"@type":"EntryPoint","urlTemplate":"https:\/\/www.haus-bethanien.ch\/de\/?s={search_term_string}"},"query-input":{"@type":"PropertyValueSpecification","valueRequired":true,"valueName":"search_term_string"}}],"inLanguage":"de"}]}},"_links":{"self":[{"href":"https:\/\/www.haus-bethanien.ch\/de\/wp-json\/wp\/v2\/pages\/3322","targetHints":{"allow":["GET"]}}],"collection":[{"href":"https:\/\/www.haus-bethanien.ch\/de\/wp-json\/wp\/v2\/pages"}],"about":[{"href":"https:\/\/www.haus-bethanien.ch\/de\/wp-json\/wp\/v2\/types\/page"}],"author":[{"embeddable":true,"href":"https:\/\/www.haus-bethanien.ch\/de\/wp-json\/wp\/v2\/users\/1"}],"replies":[{"embeddable":true,"href":"https:\/\/www.haus-bethanien.ch\/de\/wp-json\/wp\/v2\/comments?post=3322"}],"version-history":[{"count":6,"href":"https:\/\/www.haus-bethanien.ch\/de\/wp-json\/wp\/v2\/pages\/3322\/revisions"}],"predecessor-version":[{"id":4464,"href":"https:\/\/www.haus-bethanien.ch\/de\/wp-json\/wp\/v2\/pages\/3322\/revisions\/4464"}],"wp:featuredmedia":[{"embeddable":true,"href":"https:\/\/www.haus-bethanien.ch\/de\/wp-json\/wp\/v2\/media\/3325"}],"wp:attachment":[{"href":"https:\/\/www.haus-bethanien.ch\/de\/wp-json\/wp\/v2\/media?parent=3322"}],"curies":[{"name":"wp","href":"https:\/\/api.w.org\/{rel}","templated":true}]}}