{"id":21445,"date":"2023-05-09T17:15:48","date_gmt":"2023-05-09T15:15:48","guid":{"rendered":"https:\/\/next.haus-bethanien.ch\/couples-et-familles-cana\/"},"modified":"2023-06-20T10:27:31","modified_gmt":"2023-06-20T08:27:31","slug":"couples-et-familles-cana","status":"publish","type":"page","link":"https:\/\/www.haus-bethanien.ch\/de\/couples-et-familles-cana\/","title":{"rendered":"Paare und Familien KANA"},"content":{"rendered":"<div class=\"wp-block-image\">\n<figure class=\"aligncenter\"><img decoding=\"async\" src=\"https:\/\/www.chemin-neuf.ch\/wp-content\/uploads\/2021\/05\/LOGO_CANA_LANGUES_Franc%CC%A7ais-150x150.png\" alt=\"\" class=\"wp-image-9753\"\/><\/figure>\n<\/div>\n\n\n<h3 class=\"wp-block-heading has-text-align-center\">G\u00f6nnen Sie sich eine Pause und nehmen Sie sich Zeit f\u00fcr Ihre Beziehung!<\/h3>\n\n\n\n<h4 class=\"wp-block-heading has-text-align-center\">Erleben Sie ein Cana-Event: ein Themenwochenende, eine Cana-Woche oder einen Jahreskurs\u2026<\/h4>\n\n\n\n<h5 class=\"wp-block-heading has-text-align-center\"><strong>Die CANA-Vorschl\u00e4ge sind f\u00fcr Paare jeden Alters, verheiratet oder unverheiratet, mit oder ohne Kinder, mit oder ohne Religionszugeh\u00f6rigkeit. Kinder sind willkommen und nehmen an einem altersgerechten Kurs teil.<\/strong><\/h5>\n\n\n\n<div class=\"wp-block-buttons is-content-justification-center is-layout-flex wp-container-core-buttons-is-layout-16018d1d wp-block-buttons-is-layout-flex\">\n<div class=\"wp-block-button\"><a class=\"wp-block-button__link wp-element-button\" href=\"https:\/\/www.haus-bethanien.ch\/de\/festival-metanoia\/\">Festival Metanoia<\/a><\/div>\n<\/div>\n\n\n\n<div style=\"height:45px\" aria-hidden=\"true\" class=\"wp-block-spacer\"><\/div>\n\n\n\n\n<div class=\"cards-container multi_line  align-\">\n\n    <!-- scroll arrow left\/previous -->\n    \n\n    <div class=\"cards-list multi_line  align-\">\n\n\n        \n    <\/div>\n\n\n    <!-- scroll arrow right\/next -->\n    \n\n<\/div>\n\n\n<div style=\"height:38px\" aria-hidden=\"true\" class=\"wp-block-spacer\"><\/div>\n\n\n\n<div class=\"wp-block-media-text alignwide is-stacked-on-mobile\"><figure class=\"wp-block-media-text__media\"><img loading=\"lazy\" decoding=\"async\" width=\"1024\" height=\"343\" src=\"https:\/\/www.haus-bethanien.ch\/wp-content\/uploads\/2023\/05\/vie_communaute_web-1536x514-1-1024x343.jpg\" alt=\"\" class=\"wp-image-21338 size-full\" srcset=\"https:\/\/www.haus-bethanien.ch\/wp-content\/uploads\/2023\/05\/vie_communaute_web-1536x514-1-1024x343.jpg 1024w, https:\/\/www.haus-bethanien.ch\/wp-content\/uploads\/2023\/05\/vie_communaute_web-1536x514-1-300x100.jpg 300w, https:\/\/www.haus-bethanien.ch\/wp-content\/uploads\/2023\/05\/vie_communaute_web-1536x514-1-768x257.jpg 768w, https:\/\/www.haus-bethanien.ch\/wp-content\/uploads\/2023\/05\/vie_communaute_web-1536x514-1.jpg 1536w\" sizes=\"auto, (max-width: 1024px) 100vw, 1024px\" \/><\/figure><div class=\"wp-block-media-text__content\">\n<div class=\"wp-block-buttons is-content-justification-center is-layout-flex wp-container-core-buttons-is-layout-16018d1d wp-block-buttons-is-layout-flex\">\n<div class=\"wp-block-button\"><a class=\"wp-block-button__link wp-element-button\" href=\"https:\/\/www.cana-couple.fr\/\" target=\"_blank\" rel=\"noreferrer noopener\">Vorschl\u00e4ge in Frankreich<\/a><\/div>\n<\/div>\n<\/div><\/div>\n\n\n\n<div style=\"height:40px\" aria-hidden=\"true\" class=\"wp-block-spacer\"><\/div>\n","protected":false},"excerpt":{"rendered":"<p>G\u00f6nnen Sie sich eine Pause und nehmen Sie sich Zeit f\u00fcr Ihre Beziehung! Erleben Sie ein Cana-Event: ein Themenwochenende, eine Cana-Woche oder einen Jahreskurs\u2026 Die CANA-Vorschl\u00e4ge sind f\u00fcr Paare jeden Alters, verheiratet oder unverheiratet, mit oder ohne Kinder, mit oder ohne Religionszugeh\u00f6rigkeit. Kinder sind willkommen und nehmen an einem altersgerechten Kurs teil.<\/p>\n","protected":false},"author":1,"featured_media":21330,"parent":0,"menu_order":0,"comment_status":"closed","ping_status":"closed","template":"","meta":{"_acf_changed":false,"footnotes":""},"class_list":["post-21445","page","type-page","status-publish","has-post-thumbnail","hentry"],"acf":[],"yoast_head":"<!-- This site is optimized with the Yoast SEO plugin v27.5 - https:\/\/yoast.com\/product\/yoast-seo-wordpress\/ -->\n<title>Paare und Familien KANA - Bethanien<\/title>\n<meta name=\"description\" content=\"G\u00f6nnen Sie sich eine Pause und nehmen Sie sich Zeit f\u00fcr Ihre Beziehung! Erleben Sie ein Cana-Event: ein Themenwochenende, eine Cana-Woche oder einen\" \/>\n<meta name=\"robots\" content=\"index, follow, max-snippet:-1, max-image-preview:large, max-video-preview:-1\" \/>\n<link rel=\"canonical\" href=\"https:\/\/www.haus-bethanien.ch\/de\/couples-et-familles-cana\/\" \/>\n<meta property=\"og:locale\" content=\"de_DE\" \/>\n<meta property=\"og:type\" content=\"article\" \/>\n<meta property=\"og:title\" content=\"Paare und Familien KANA - Bethanien\" \/>\n<meta property=\"og:description\" content=\"G\u00f6nnen Sie sich eine Pause und nehmen Sie sich Zeit f\u00fcr Ihre Beziehung! Erleben Sie ein Cana-Event: ein Themenwochenende, eine Cana-Woche oder einen\" \/>\n<meta property=\"og:url\" content=\"https:\/\/www.haus-bethanien.ch\/de\/couples-et-familles-cana\/\" \/>\n<meta property=\"og:site_name\" content=\"Bethanien\" \/>\n<meta property=\"article:modified_time\" content=\"2023-06-20T08:27:31+00:00\" \/>\n<meta property=\"og:image\" content=\"https:\/\/www.haus-bethanien.ch\/wp-content\/uploads\/2023\/05\/couples_CheminNeuf_8-scaled-1.jpg\" \/>\n\t<meta property=\"og:image:width\" content=\"2560\" \/>\n\t<meta property=\"og:image:height\" content=\"1707\" \/>\n\t<meta property=\"og:image:type\" content=\"image\/jpeg\" \/>\n<meta name=\"twitter:card\" content=\"summary_large_image\" \/>\n<meta name=\"twitter:label1\" content=\"Gesch\u00e4tzte Lesezeit\" \/>\n\t<meta name=\"twitter:data1\" content=\"1\u00a0Minute\" \/>\n<script type=\"application\/ld+json\" class=\"yoast-schema-graph\">{\"@context\":\"https:\\\/\\\/schema.org\",\"@graph\":[{\"@type\":\"WebPage\",\"@id\":\"https:\\\/\\\/www.haus-bethanien.ch\\\/de\\\/couples-et-familles-cana\\\/\",\"url\":\"https:\\\/\\\/www.haus-bethanien.ch\\\/de\\\/couples-et-familles-cana\\\/\",\"name\":\"Paare und Familien KANA - Bethanien\",\"isPartOf\":{\"@id\":\"https:\\\/\\\/www.haus-bethanien.ch\\\/de\\\/#website\"},\"primaryImageOfPage\":{\"@id\":\"https:\\\/\\\/www.haus-bethanien.ch\\\/de\\\/couples-et-familles-cana\\\/#primaryimage\"},\"image\":{\"@id\":\"https:\\\/\\\/www.haus-bethanien.ch\\\/de\\\/couples-et-familles-cana\\\/#primaryimage\"},\"thumbnailUrl\":\"https:\\\/\\\/www.haus-bethanien.ch\\\/wp-content\\\/uploads\\\/2023\\\/05\\\/couples_CheminNeuf_8-scaled-1.jpg\",\"datePublished\":\"2023-05-09T15:15:48+00:00\",\"dateModified\":\"2023-06-20T08:27:31+00:00\",\"description\":\"G\u00f6nnen Sie sich eine Pause und nehmen Sie sich Zeit f\u00fcr Ihre Beziehung! Erleben Sie ein Cana-Event: ein Themenwochenende, eine Cana-Woche oder einen\",\"breadcrumb\":{\"@id\":\"https:\\\/\\\/www.haus-bethanien.ch\\\/de\\\/couples-et-familles-cana\\\/#breadcrumb\"},\"inLanguage\":\"de\",\"potentialAction\":[{\"@type\":\"ReadAction\",\"target\":[\"https:\\\/\\\/www.haus-bethanien.ch\\\/de\\\/couples-et-familles-cana\\\/\"]}]},{\"@type\":\"ImageObject\",\"inLanguage\":\"de\",\"@id\":\"https:\\\/\\\/www.haus-bethanien.ch\\\/de\\\/couples-et-familles-cana\\\/#primaryimage\",\"url\":\"https:\\\/\\\/www.haus-bethanien.ch\\\/wp-content\\\/uploads\\\/2023\\\/05\\\/couples_CheminNeuf_8-scaled-1.jpg\",\"contentUrl\":\"https:\\\/\\\/www.haus-bethanien.ch\\\/wp-content\\\/uploads\\\/2023\\\/05\\\/couples_CheminNeuf_8-scaled-1.jpg\",\"width\":2560,\"height\":1707},{\"@type\":\"BreadcrumbList\",\"@id\":\"https:\\\/\\\/www.haus-bethanien.ch\\\/de\\\/couples-et-familles-cana\\\/#breadcrumb\",\"itemListElement\":[{\"@type\":\"ListItem\",\"position\":1,\"name\":\"Home\",\"item\":\"https:\\\/\\\/www.haus-bethanien.ch\\\/de\\\/\"},{\"@type\":\"ListItem\",\"position\":2,\"name\":\"Paare und Familien KANA\"}]},{\"@type\":\"WebSite\",\"@id\":\"https:\\\/\\\/www.haus-bethanien.ch\\\/de\\\/#website\",\"url\":\"https:\\\/\\\/www.haus-bethanien.ch\\\/de\\\/\",\"name\":\"Bethanien\",\"description\":\"Gastehaus Kloster Bethanien\",\"potentialAction\":[{\"@type\":\"SearchAction\",\"target\":{\"@type\":\"EntryPoint\",\"urlTemplate\":\"https:\\\/\\\/www.haus-bethanien.ch\\\/de\\\/?s={search_term_string}\"},\"query-input\":{\"@type\":\"PropertyValueSpecification\",\"valueRequired\":true,\"valueName\":\"search_term_string\"}}],\"inLanguage\":\"de\"}]}<\/script>\n<!-- \/ Yoast SEO plugin. -->","yoast_head_json":{"title":"Paare und Familien KANA - Bethanien","description":"G\u00f6nnen Sie sich eine Pause und nehmen Sie sich Zeit f\u00fcr Ihre Beziehung! Erleben Sie ein Cana-Event: ein Themenwochenende, eine Cana-Woche oder einen","robots":{"index":"index","follow":"follow","max-snippet":"max-snippet:-1","max-image-preview":"max-image-preview:large","max-video-preview":"max-video-preview:-1"},"canonical":"https:\/\/www.haus-bethanien.ch\/de\/couples-et-familles-cana\/","og_locale":"de_DE","og_type":"article","og_title":"Paare und Familien KANA - Bethanien","og_description":"G\u00f6nnen Sie sich eine Pause und nehmen Sie sich Zeit f\u00fcr Ihre Beziehung! Erleben Sie ein Cana-Event: ein Themenwochenende, eine Cana-Woche oder einen","og_url":"https:\/\/www.haus-bethanien.ch\/de\/couples-et-familles-cana\/","og_site_name":"Bethanien","article_modified_time":"2023-06-20T08:27:31+00:00","og_image":[{"width":2560,"height":1707,"url":"https:\/\/www.haus-bethanien.ch\/wp-content\/uploads\/2023\/05\/couples_CheminNeuf_8-scaled-1.jpg","type":"image\/jpeg"}],"twitter_card":"summary_large_image","twitter_misc":{"Gesch\u00e4tzte Lesezeit":"1\u00a0Minute"},"schema":{"@context":"https:\/\/schema.org","@graph":[{"@type":"WebPage","@id":"https:\/\/www.haus-bethanien.ch\/de\/couples-et-familles-cana\/","url":"https:\/\/www.haus-bethanien.ch\/de\/couples-et-familles-cana\/","name":"Paare und Familien KANA - Bethanien","isPartOf":{"@id":"https:\/\/www.haus-bethanien.ch\/de\/#website"},"primaryImageOfPage":{"@id":"https:\/\/www.haus-bethanien.ch\/de\/couples-et-familles-cana\/#primaryimage"},"image":{"@id":"https:\/\/www.haus-bethanien.ch\/de\/couples-et-familles-cana\/#primaryimage"},"thumbnailUrl":"https:\/\/www.haus-bethanien.ch\/wp-content\/uploads\/2023\/05\/couples_CheminNeuf_8-scaled-1.jpg","datePublished":"2023-05-09T15:15:48+00:00","dateModified":"2023-06-20T08:27:31+00:00","description":"G\u00f6nnen Sie sich eine Pause und nehmen Sie sich Zeit f\u00fcr Ihre Beziehung! Erleben Sie ein Cana-Event: ein Themenwochenende, eine Cana-Woche oder einen","breadcrumb":{"@id":"https:\/\/www.haus-bethanien.ch\/de\/couples-et-familles-cana\/#breadcrumb"},"inLanguage":"de","potentialAction":[{"@type":"ReadAction","target":["https:\/\/www.haus-bethanien.ch\/de\/couples-et-familles-cana\/"]}]},{"@type":"ImageObject","inLanguage":"de","@id":"https:\/\/www.haus-bethanien.ch\/de\/couples-et-familles-cana\/#primaryimage","url":"https:\/\/www.haus-bethanien.ch\/wp-content\/uploads\/2023\/05\/couples_CheminNeuf_8-scaled-1.jpg","contentUrl":"https:\/\/www.haus-bethanien.ch\/wp-content\/uploads\/2023\/05\/couples_CheminNeuf_8-scaled-1.jpg","width":2560,"height":1707},{"@type":"BreadcrumbList","@id":"https:\/\/www.haus-bethanien.ch\/de\/couples-et-familles-cana\/#breadcrumb","itemListElement":[{"@type":"ListItem","position":1,"name":"Home","item":"https:\/\/www.haus-bethanien.ch\/de\/"},{"@type":"ListItem","position":2,"name":"Paare und Familien KANA"}]},{"@type":"WebSite","@id":"https:\/\/www.haus-bethanien.ch\/de\/#website","url":"https:\/\/www.haus-bethanien.ch\/de\/","name":"Bethanien","description":"Gastehaus Kloster Bethanien","potentialAction":[{"@type":"SearchAction","target":{"@type":"EntryPoint","urlTemplate":"https:\/\/www.haus-bethanien.ch\/de\/?s={search_term_string}"},"query-input":{"@type":"PropertyValueSpecification","valueRequired":true,"valueName":"search_term_string"}}],"inLanguage":"de"}]}},"_links":{"self":[{"href":"https:\/\/www.haus-bethanien.ch\/de\/wp-json\/wp\/v2\/pages\/21445","targetHints":{"allow":["GET"]}}],"collection":[{"href":"https:\/\/www.haus-bethanien.ch\/de\/wp-json\/wp\/v2\/pages"}],"about":[{"href":"https:\/\/www.haus-bethanien.ch\/de\/wp-json\/wp\/v2\/types\/page"}],"author":[{"embeddable":true,"href":"https:\/\/www.haus-bethanien.ch\/de\/wp-json\/wp\/v2\/users\/1"}],"replies":[{"embeddable":true,"href":"https:\/\/www.haus-bethanien.ch\/de\/wp-json\/wp\/v2\/comments?post=21445"}],"version-history":[{"count":9,"href":"https:\/\/www.haus-bethanien.ch\/de\/wp-json\/wp\/v2\/pages\/21445\/revisions"}],"predecessor-version":[{"id":22272,"href":"https:\/\/www.haus-bethanien.ch\/de\/wp-json\/wp\/v2\/pages\/21445\/revisions\/22272"}],"wp:featuredmedia":[{"embeddable":true,"href":"https:\/\/www.haus-bethanien.ch\/de\/wp-json\/wp\/v2\/media\/21330"}],"wp:attachment":[{"href":"https:\/\/www.haus-bethanien.ch\/de\/wp-json\/wp\/v2\/media?parent=21445"}],"curies":[{"name":"wp","href":"https:\/\/api.w.org\/{rel}","templated":true}]}}